{"id":533,"date":"2025-05-29T17:53:35","date_gmt":"2025-05-29T17:53:35","guid":{"rendered":"https:\/\/dgaribello.com\/?post_type=product&#038;p=533"},"modified":"2025-12-02T03:43:53","modified_gmt":"2025-12-02T03:43:53","slug":"cosmetiquero-cuero","status":"publish","type":"product","link":"https:\/\/dgaribello.com\/en\/product\/cosmetiquero-cuero\/","title":{"rendered":"Organizador Neceser"},"content":{"rendered":"<p>Este estuche est\u00e1 elaborado en cuero genuino de alta calidad, presenta un dise\u00f1o elegante y funcional. Su acabado en un tono marr\u00f3n rico y natural resalta la textura caracter\u00edstica del cuero, con detalles sutiles como costuras reforzadas y un cierre de cremallera robusto. La etiqueta grabada con el nombre \u201cGAR&amp;BELLO\u201d a\u00f1ade un toque personal y sofisticado. Ideal para guardar art\u00edculos de aseo o accesorios, incluye una asa pr\u00e1ctica para facilitar su transporte.<\/p>\n<p>Peso 0,30 Gr<\/p>\n<p>Alto 15 cm<\/p>\n<p>Ancho 25 cm<\/p>","protected":false},"excerpt":{"rendered":"<p>Este estuche est\u00e1 elaborado en cuero genuino de alta calidad, presenta un dise\u00f1o elegante y funcional. Su acabado en un tono marr\u00f3n&hellip;<\/p>","protected":false},"featured_media":1526,"comment_status":"open","ping_status":"closed","template":"","meta":{"_joinchat":[]},"product_brand":[],"product_cat":[91],"product_tag":[166],"class_list":{"0":"post-533","1":"product","2":"type-product","3":"status-publish","4":"has-post-thumbnail","6":"product_cat-organizadorescosmetic","7":"product_tag-10off","9":"first","10":"instock","11":"sale","12":"taxable","13":"shipping-taxable","14":"purchasable","15":"product-type-variable"},"_links":{"self":[{"href":"https:\/\/dgaribello.com\/en\/wp-json\/wp\/v2\/product\/533","targetHints":{"allow":["GET"]}}],"collection":[{"href":"https:\/\/dgaribello.com\/en\/wp-json\/wp\/v2\/product"}],"about":[{"href":"https:\/\/dgaribello.com\/en\/wp-json\/wp\/v2\/types\/product"}],"replies":[{"embeddable":true,"href":"https:\/\/dgaribello.com\/en\/wp-json\/wp\/v2\/comments?post=533"}],"wp:featuredmedia":[{"embeddable":true,"href":"https:\/\/dgaribello.com\/en\/wp-json\/wp\/v2\/media\/1526"}],"wp:attachment":[{"href":"https:\/\/dgaribello.com\/en\/wp-json\/wp\/v2\/media?parent=533"}],"wp:term":[{"taxonomy":"product_brand","embeddable":true,"href":"https:\/\/dgaribello.com\/en\/wp-json\/wp\/v2\/product_brand?post=533"},{"taxonomy":"product_cat","embeddable":true,"href":"https:\/\/dgaribello.com\/en\/wp-json\/wp\/v2\/product_cat?post=533"},{"taxonomy":"product_tag","embeddable":true,"href":"https:\/\/dgaribello.com\/en\/wp-json\/wp\/v2\/product_tag?post=533"}],"curies":[{"name":"wp","href":"https:\/\/api.w.org\/{rel}","templated":true}]}}