{"id":332,"date":"2024-11-22T15:16:45","date_gmt":"2024-11-22T15:16:45","guid":{"rendered":"https:\/\/dgaribello.com\/?post_type=product&#038;p=332"},"modified":"2025-11-25T01:47:26","modified_gmt":"2025-11-25T01:47:26","slug":"bolso-tote","status":"publish","type":"product","link":"https:\/\/dgaribello.com\/en\/product\/bolso-tote\/","title":{"rendered":"Bolso Tote"},"content":{"rendered":"<div>Este bolso tote es una combinaci\u00f3n perfecta de estilo, funcionalidad y durabilidad, pensado para quienes valoran la calidad y el dise\u00f1o atemporal en su d\u00eda a d\u00eda.<\/div>\n<h5>Caracter\u00edsticas<\/h5>\n<ul>\n<li>Correa fija<\/li>\n<li>Correa manos libres<\/li>\n<li>Herrajes met\u00e1licos<\/li>\n<li>Estuche interior para mayor organizaci\u00f3n<\/li>\n<\/ul>\n<h5>Peso<\/h5>\n<div>0,70 gr<\/div>\n<h5>Dimensiones<\/h5>\n<ul>\n<li>Alto: 26 cm<\/li>\n<li>Ancho: 34 cm<\/li>\n<\/ul>\n<h5>COMPOSICI\u00d3N<\/h5>\n<div>\n<ul>\n<li class=\"cuerosvelezco-global-components-0-x-specificationsParagraph\">Externo: 100% cuero genuino<\/li>\n<li class=\"cuerosvelezco-global-components-0-x-specificationsParagraph\">Forro: 100% algod\u00f3n<\/li>\n<\/ul>\n<\/div>","protected":false},"excerpt":{"rendered":"<p>Este bolso tote es una combinaci\u00f3n perfecta de estilo, funcionalidad y durabilidad, pensado para quienes valoran la calidad y el dise\u00f1o atemporal&hellip;<\/p>","protected":false},"featured_media":1695,"comment_status":"closed","ping_status":"closed","template":"","meta":{"_joinchat":[]},"product_brand":[],"product_cat":[20,31],"product_tag":[166],"class_list":{"0":"post-332","1":"product","2":"type-product","3":"status-publish","4":"has-post-thumbnail","6":"product_cat-bolsosmorrales","7":"product_cat-bolsos-en-cuero","8":"product_tag-10off","10":"first","11":"instock","12":"taxable","13":"shipping-taxable","14":"purchasable","15":"product-type-variable"},"_links":{"self":[{"href":"https:\/\/dgaribello.com\/en\/wp-json\/wp\/v2\/product\/332","targetHints":{"allow":["GET"]}}],"collection":[{"href":"https:\/\/dgaribello.com\/en\/wp-json\/wp\/v2\/product"}],"about":[{"href":"https:\/\/dgaribello.com\/en\/wp-json\/wp\/v2\/types\/product"}],"replies":[{"embeddable":true,"href":"https:\/\/dgaribello.com\/en\/wp-json\/wp\/v2\/comments?post=332"}],"wp:featuredmedia":[{"embeddable":true,"href":"https:\/\/dgaribello.com\/en\/wp-json\/wp\/v2\/media\/1695"}],"wp:attachment":[{"href":"https:\/\/dgaribello.com\/en\/wp-json\/wp\/v2\/media?parent=332"}],"wp:term":[{"taxonomy":"product_brand","embeddable":true,"href":"https:\/\/dgaribello.com\/en\/wp-json\/wp\/v2\/product_brand?post=332"},{"taxonomy":"product_cat","embeddable":true,"href":"https:\/\/dgaribello.com\/en\/wp-json\/wp\/v2\/product_cat?post=332"},{"taxonomy":"product_tag","embeddable":true,"href":"https:\/\/dgaribello.com\/en\/wp-json\/wp\/v2\/product_tag?post=332"}],"curies":[{"name":"wp","href":"https:\/\/api.w.org\/{rel}","templated":true}]}}