{"id":331,"date":"2024-11-22T15:16:45","date_gmt":"2024-11-22T15:16:45","guid":{"rendered":"https:\/\/dgaribello.com\/?post_type=product&#038;p=331"},"modified":"2025-12-02T03:43:53","modified_gmt":"2025-12-02T03:43:53","slug":"bolso-sobre","status":"publish","type":"product","link":"https:\/\/dgaribello.com\/en\/product\/bolso-sobre\/","title":{"rendered":"Bolso Sobre"},"content":{"rendered":"<p>Nuestro bolso combina la sofisticaci\u00f3n de un dise\u00f1o cl\u00e1sico con la resistencia y funcionalidad que necesitas en tu d\u00eda a d\u00eda. Fabricado con cuero genuino tratado con aceites y ceras, este bolso presenta una textura suave y un acabado natural que envejece de manera elegante, desarrollando una p\u00e1tina \u00fanica con el uso.<\/p>\n<h5>\u00a0CARACTERISTICAS<\/h5>\n<ul>\n<li>Cremallera<\/li>\n<li>Bolsillo interno<\/li>\n<\/ul>\n<h5>Peso:<\/h5>\n<div>0,35 gr<\/div>\n<h5>Dimensiones<\/h5>\n<ul>\n<li>Alto 41 cm<\/li>\n<li>Ancho 32 cm<\/li>\n<\/ul>\n<h5>Composici\u00f3n<\/h5>\n<div>Externo: 100% Cuero Bovino<\/div>\n<div>\n<p class=\"cuerosvelezco-global-components-0-x-specificationsParagraph\">\n<\/div>","protected":false},"excerpt":{"rendered":"<p>Nuestro bolso combina la sofisticaci\u00f3n de un dise\u00f1o cl\u00e1sico con la resistencia y funcionalidad que necesitas en tu d\u00eda a d\u00eda. Fabricado&hellip;<\/p>","protected":false},"featured_media":1628,"comment_status":"closed","ping_status":"closed","template":"","meta":{"_joinchat":[]},"product_brand":[],"product_cat":[20,31,86],"product_tag":[166],"class_list":{"0":"post-331","1":"product","2":"type-product","3":"status-publish","4":"has-post-thumbnail","6":"product_cat-bolsosmorrales","7":"product_cat-bolsos-en-cuero","8":"product_cat-bolsopiel","9":"product_tag-10off","11":"first","12":"instock","13":"taxable","14":"shipping-taxable","15":"purchasable","16":"product-type-variable"},"_links":{"self":[{"href":"https:\/\/dgaribello.com\/en\/wp-json\/wp\/v2\/product\/331","targetHints":{"allow":["GET"]}}],"collection":[{"href":"https:\/\/dgaribello.com\/en\/wp-json\/wp\/v2\/product"}],"about":[{"href":"https:\/\/dgaribello.com\/en\/wp-json\/wp\/v2\/types\/product"}],"replies":[{"embeddable":true,"href":"https:\/\/dgaribello.com\/en\/wp-json\/wp\/v2\/comments?post=331"}],"wp:featuredmedia":[{"embeddable":true,"href":"https:\/\/dgaribello.com\/en\/wp-json\/wp\/v2\/media\/1628"}],"wp:attachment":[{"href":"https:\/\/dgaribello.com\/en\/wp-json\/wp\/v2\/media?parent=331"}],"wp:term":[{"taxonomy":"product_brand","embeddable":true,"href":"https:\/\/dgaribello.com\/en\/wp-json\/wp\/v2\/product_brand?post=331"},{"taxonomy":"product_cat","embeddable":true,"href":"https:\/\/dgaribello.com\/en\/wp-json\/wp\/v2\/product_cat?post=331"},{"taxonomy":"product_tag","embeddable":true,"href":"https:\/\/dgaribello.com\/en\/wp-json\/wp\/v2\/product_tag?post=331"}],"curies":[{"name":"wp","href":"https:\/\/api.w.org\/{rel}","templated":true}]}}