{"id":326,"date":"2024-11-22T15:16:45","date_gmt":"2024-11-22T15:16:45","guid":{"rendered":"https:\/\/dgaribello.com\/?post_type=product&#038;p=326"},"modified":"2025-12-02T03:43:52","modified_gmt":"2025-12-02T03:43:52","slug":"bolso-chula","status":"publish","type":"product","link":"https:\/\/dgaribello.com\/en\/product\/bolso-chula\/","title":{"rendered":"Bolso Chula"},"content":{"rendered":"<p>Bolso en pelo y cuero bovino con flecos<\/p>\n<p>Este bolso combina el car\u00e1cter salvaje del pelo natural con la elegancia del cuero bovino, en un dise\u00f1o \u00fanico y detalles en flecos. Ideal para quienes buscan un accesorio audaz, artesanal y con un estilo inconfundible.<\/p>\n<h5><span style=\"text-decoration: underline;\">Caracter\u00edsticas<\/span><\/h5>\n<ul>\n<li>TAPA FRONTAL CON FLECOS EN CABRITO.<\/li>\n<li>CORREAS CORREDIZAS<\/li>\n<li>EN SU INTERIOR TIENE UN BOLSILLO CON BORDES EN CUERO NATURAL<\/li>\n<li>CREMALLERA<\/li>\n<\/ul>\n<h5>Peso:<\/h5>\n<p>0,45 gr<\/p>\n<h5>Dimensiones:<\/h5>\n<ul>\n<li>Alto: 20 cm<\/li>\n<li>Ancho: 27 cm<\/li>\n<\/ul>\n<h5><span style=\"text-decoration: underline;\">Composici\u00f3n<\/span><\/h5>\n<p class=\"cuerosvelezco-global-components-0-x-specificationsParagraph\">Externo: 10% Cuero genuino, 90% Cuero en pelo<\/p>\n<p class=\"cuerosvelezco-global-components-0-x-specificationsParagraph\">Forro: 100% Tela<\/p>\n<p>&nbsp;<\/p>","protected":false},"excerpt":{"rendered":"<p>Bolso en pelo y cuero bovino con flecos Este bolso combina el car\u00e1cter salvaje del pelo natural con la elegancia del cuero&hellip;<\/p>","protected":false},"featured_media":290,"comment_status":"closed","ping_status":"closed","template":"","meta":{"_joinchat":[]},"product_brand":[],"product_cat":[20,31,86],"product_tag":[],"class_list":{"0":"post-326","1":"product","2":"type-product","3":"status-publish","4":"has-post-thumbnail","6":"product_cat-bolsosmorrales","7":"product_cat-bolsos-en-cuero","8":"product_cat-bolsopiel","10":"first","11":"instock","12":"taxable","13":"shipping-taxable","14":"purchasable","15":"product-type-simple"},"_links":{"self":[{"href":"https:\/\/dgaribello.com\/en\/wp-json\/wp\/v2\/product\/326","targetHints":{"allow":["GET"]}}],"collection":[{"href":"https:\/\/dgaribello.com\/en\/wp-json\/wp\/v2\/product"}],"about":[{"href":"https:\/\/dgaribello.com\/en\/wp-json\/wp\/v2\/types\/product"}],"replies":[{"embeddable":true,"href":"https:\/\/dgaribello.com\/en\/wp-json\/wp\/v2\/comments?post=326"}],"wp:featuredmedia":[{"embeddable":true,"href":"https:\/\/dgaribello.com\/en\/wp-json\/wp\/v2\/media\/290"}],"wp:attachment":[{"href":"https:\/\/dgaribello.com\/en\/wp-json\/wp\/v2\/media?parent=326"}],"wp:term":[{"taxonomy":"product_brand","embeddable":true,"href":"https:\/\/dgaribello.com\/en\/wp-json\/wp\/v2\/product_brand?post=326"},{"taxonomy":"product_cat","embeddable":true,"href":"https:\/\/dgaribello.com\/en\/wp-json\/wp\/v2\/product_cat?post=326"},{"taxonomy":"product_tag","embeddable":true,"href":"https:\/\/dgaribello.com\/en\/wp-json\/wp\/v2\/product_tag?post=326"}],"curies":[{"name":"wp","href":"https:\/\/api.w.org\/{rel}","templated":true}]}}