{"id":324,"date":"2024-11-22T15:16:45","date_gmt":"2024-11-22T15:16:45","guid":{"rendered":"https:\/\/dgaribello.com\/?post_type=product&#038;p=324"},"modified":"2025-11-27T17:23:46","modified_gmt":"2025-11-27T17:23:46","slug":"bolso-lisa","status":"publish","type":"product","link":"https:\/\/dgaribello.com\/en\/product\/bolso-lisa\/","title":{"rendered":"Bolso Lisa"},"content":{"rendered":"<p>Un bolso en cuero genuino con detalles en pelo presenta un dise\u00f1o elegante y moderno. La base y la estructura principal del bolso est\u00e1n hechas de cuero de alta calidad, con un acabado liso y brillante. En la parte frontal, se destacan dos cuadros cubiertos de pelo suave que aportan un contraste interesante en textura y color. Los cuadros pueden estar posicionados sim\u00e9tricamente, a\u00f1adiendo un toque de sofisticaci\u00f3n y originalidad. El bolso cuenta con asas resistentes y herrajes met\u00e1licos dorados o plateados, completando su aspecto lujoso y refinado.<\/p>","protected":false},"excerpt":{"rendered":"<p>Un bolso en cuero genuino con detalles en pelo presenta un dise\u00f1o elegante y moderno. La base y la estructura principal del&hellip;<\/p>","protected":false},"featured_media":1564,"comment_status":"closed","ping_status":"closed","template":"","meta":{"_joinchat":[]},"product_brand":[],"product_cat":[20,31,86],"product_tag":[166],"class_list":{"0":"post-324","1":"product","2":"type-product","3":"status-publish","4":"has-post-thumbnail","6":"product_cat-bolsosmorrales","7":"product_cat-bolsos-en-cuero","8":"product_cat-bolsopiel","9":"product_tag-10off","11":"first","12":"instock","13":"taxable","14":"shipping-taxable","15":"purchasable","16":"product-type-variable"},"_links":{"self":[{"href":"https:\/\/dgaribello.com\/en\/wp-json\/wp\/v2\/product\/324","targetHints":{"allow":["GET"]}}],"collection":[{"href":"https:\/\/dgaribello.com\/en\/wp-json\/wp\/v2\/product"}],"about":[{"href":"https:\/\/dgaribello.com\/en\/wp-json\/wp\/v2\/types\/product"}],"replies":[{"embeddable":true,"href":"https:\/\/dgaribello.com\/en\/wp-json\/wp\/v2\/comments?post=324"}],"wp:featuredmedia":[{"embeddable":true,"href":"https:\/\/dgaribello.com\/en\/wp-json\/wp\/v2\/media\/1564"}],"wp:attachment":[{"href":"https:\/\/dgaribello.com\/en\/wp-json\/wp\/v2\/media?parent=324"}],"wp:term":[{"taxonomy":"product_brand","embeddable":true,"href":"https:\/\/dgaribello.com\/en\/wp-json\/wp\/v2\/product_brand?post=324"},{"taxonomy":"product_cat","embeddable":true,"href":"https:\/\/dgaribello.com\/en\/wp-json\/wp\/v2\/product_cat?post=324"},{"taxonomy":"product_tag","embeddable":true,"href":"https:\/\/dgaribello.com\/en\/wp-json\/wp\/v2\/product_tag?post=324"}],"curies":[{"name":"wp","href":"https:\/\/api.w.org\/{rel}","templated":true}]}}