{"id":1936,"date":"2025-10-21T15:01:04","date_gmt":"2025-10-21T15:01:04","guid":{"rendered":"https:\/\/dgaribello.com\/?post_type=product&#038;p=1936"},"modified":"2025-12-02T03:43:53","modified_gmt":"2025-12-02T03:43:53","slug":"chaqueta-natura","status":"publish","type":"product","link":"https:\/\/dgaribello.com\/en\/product\/chaqueta-natura\/","title":{"rendered":"Chaqueta Natura"},"content":{"rendered":"<p data-start=\"169\" data-end=\"471\">Una pieza que respira el equilibrio entre fuerza y sutileza. <em data-start=\"230\" data-end=\"238\">Natura<\/em> envuelve con una textura noble y una estructura que abraza el movimiento con naturalidad. Su interior revela un cuidado impecable en cada detalle: forro interno, bolsillos discretos y acabados que hablan del arte de lo bien hecho.<\/p>\n<p data-start=\"473\" data-end=\"605\">Dise\u00f1ada para quienes encuentran belleza en lo esencial y buscan conectar con la armon\u00eda que habita en lo org\u00e1nico y lo verdadero.<\/p>","protected":false},"excerpt":{"rendered":"<p>Una pieza que respira el equilibrio entre fuerza y sutileza. Natura envuelve con una textura noble y una estructura que abraza el&hellip;<\/p>","protected":false},"featured_media":2107,"comment_status":"open","ping_status":"closed","template":"","meta":{"_joinchat":[]},"product_brand":[],"product_cat":[83],"product_tag":[166],"class_list":{"0":"post-1936","1":"product","2":"type-product","3":"status-publish","4":"has-post-thumbnail","6":"product_cat-chaqueta","7":"product_tag-10off","9":"first","10":"instock","11":"taxable","12":"shipping-taxable","13":"purchasable","14":"product-type-variable"},"_links":{"self":[{"href":"https:\/\/dgaribello.com\/en\/wp-json\/wp\/v2\/product\/1936","targetHints":{"allow":["GET"]}}],"collection":[{"href":"https:\/\/dgaribello.com\/en\/wp-json\/wp\/v2\/product"}],"about":[{"href":"https:\/\/dgaribello.com\/en\/wp-json\/wp\/v2\/types\/product"}],"replies":[{"embeddable":true,"href":"https:\/\/dgaribello.com\/en\/wp-json\/wp\/v2\/comments?post=1936"}],"wp:featuredmedia":[{"embeddable":true,"href":"https:\/\/dgaribello.com\/en\/wp-json\/wp\/v2\/media\/2107"}],"wp:attachment":[{"href":"https:\/\/dgaribello.com\/en\/wp-json\/wp\/v2\/media?parent=1936"}],"wp:term":[{"taxonomy":"product_brand","embeddable":true,"href":"https:\/\/dgaribello.com\/en\/wp-json\/wp\/v2\/product_brand?post=1936"},{"taxonomy":"product_cat","embeddable":true,"href":"https:\/\/dgaribello.com\/en\/wp-json\/wp\/v2\/product_cat?post=1936"},{"taxonomy":"product_tag","embeddable":true,"href":"https:\/\/dgaribello.com\/en\/wp-json\/wp\/v2\/product_tag?post=1936"}],"curies":[{"name":"wp","href":"https:\/\/api.w.org\/{rel}","templated":true}]}}