{"id":1870,"date":"2025-10-07T23:46:13","date_gmt":"2025-10-07T23:46:13","guid":{"rendered":"https:\/\/dgaribello.com\/?post_type=product&#038;p=1870"},"modified":"2025-12-02T03:43:53","modified_gmt":"2025-12-02T03:43:53","slug":"bolso-bruma","status":"publish","type":"product","link":"https:\/\/dgaribello.com\/en\/product\/bolso-bruma\/","title":{"rendered":"Bolso Bruma"},"content":{"rendered":"<p data-start=\"105\" data-end=\"469\">El <strong data-start=\"126\" data-end=\"141\">Bolso Bruma<\/strong> es una expresi\u00f3n de sutileza y car\u00e1cter. Confeccionado en <strong data-start=\"200\" data-end=\"238\">gamuza de textura suave y profunda<\/strong>, combina elegancia y funcionalidad en un dise\u00f1o de l\u00edneas limpias y proporciones equilibradas. Su superficie aterciopelada capta la luz con delicadeza, mientras sus acabados y costuras resaltan la maestr\u00eda del trabajo artesanal.<\/p>\n<p data-start=\"471\" data-end=\"720\">Dise\u00f1ado para acompa\u00f1ar el d\u00eda con distinci\u00f3n, ofrece un estilo refinado que se adapta a diferentes ocasiones. Disponible en <strong data-start=\"596\" data-end=\"624\">caf\u00e9, vino tinto y negro<\/strong>, el Bruma encarna la serenidad de lo esencial y la sofisticaci\u00f3n de los detalles bien hechos.<\/p>\n<h5 data-start=\"471\" data-end=\"720\">Detalles<\/h5>\n<ul>\n<li>Cremallera<\/li>\n<li>Correa en cuero<\/li>\n<\/ul>\n<p data-start=\"471\" data-end=\"720\">","protected":false},"excerpt":{"rendered":"<p>El Bolso Bruma es una expresi\u00f3n de sutileza y car\u00e1cter. Confeccionado en gamuza de textura suave y profunda, combina elegancia y funcionalidad&hellip;<\/p>","protected":false},"featured_media":2002,"comment_status":"closed","ping_status":"closed","template":"","meta":{"_joinchat":[]},"product_brand":[],"product_cat":[20,151],"product_tag":[69],"class_list":{"0":"post-1870","1":"product","2":"type-product","3":"status-publish","4":"has-post-thumbnail","6":"product_cat-bolsosmorrales","7":"product_cat-gamuza","8":"product_tag-nuevacoleccion","10":"first","11":"instock","12":"taxable","13":"shipping-taxable","14":"purchasable","15":"product-type-variable"},"_links":{"self":[{"href":"https:\/\/dgaribello.com\/en\/wp-json\/wp\/v2\/product\/1870","targetHints":{"allow":["GET"]}}],"collection":[{"href":"https:\/\/dgaribello.com\/en\/wp-json\/wp\/v2\/product"}],"about":[{"href":"https:\/\/dgaribello.com\/en\/wp-json\/wp\/v2\/types\/product"}],"replies":[{"embeddable":true,"href":"https:\/\/dgaribello.com\/en\/wp-json\/wp\/v2\/comments?post=1870"}],"wp:featuredmedia":[{"embeddable":true,"href":"https:\/\/dgaribello.com\/en\/wp-json\/wp\/v2\/media\/2002"}],"wp:attachment":[{"href":"https:\/\/dgaribello.com\/en\/wp-json\/wp\/v2\/media?parent=1870"}],"wp:term":[{"taxonomy":"product_brand","embeddable":true,"href":"https:\/\/dgaribello.com\/en\/wp-json\/wp\/v2\/product_brand?post=1870"},{"taxonomy":"product_cat","embeddable":true,"href":"https:\/\/dgaribello.com\/en\/wp-json\/wp\/v2\/product_cat?post=1870"},{"taxonomy":"product_tag","embeddable":true,"href":"https:\/\/dgaribello.com\/en\/wp-json\/wp\/v2\/product_tag?post=1870"}],"curies":[{"name":"wp","href":"https:\/\/api.w.org\/{rel}","templated":true}]}}