{"id":1483,"date":"2025-08-28T22:20:51","date_gmt":"2025-08-28T22:20:51","guid":{"rendered":"https:\/\/dgaribello.com\/?post_type=product&#038;p=1483"},"modified":"2026-03-09T20:17:44","modified_gmt":"2026-03-09T20:17:44","slug":"chaqueta-monarca","status":"publish","type":"product","link":"https:\/\/dgaribello.com\/en\/product\/chaqueta-monarca\/","title":{"rendered":"Chaqueta Monarca"},"content":{"rendered":"<p>Chaqueta elaborada en aut\u00e9ntico pelo natural, con acabados en cuero de la m\u00e1s alta calidad. Su dise\u00f1o artesanal resalta la riqueza de las texturas y matices \u00fanicos de cada pieza, ofreciendo una prenda exclusiva que combina elegancia, car\u00e1cter y distinci\u00f3n atemporal.<\/p>","protected":false},"excerpt":{"rendered":"<p>Chaqueta elaborada en aut\u00e9ntico pelo natural, con acabados en cuero de la m\u00e1s alta calidad. Su dise\u00f1o artesanal resalta la riqueza de&hellip;<\/p>","protected":false},"featured_media":1777,"comment_status":"open","ping_status":"closed","template":"","meta":{"_joinchat":[]},"product_brand":[],"product_cat":[83],"product_tag":[168],"class_list":{"0":"post-1483","1":"product","2":"type-product","3":"status-publish","4":"has-post-thumbnail","6":"product_cat-chaqueta","7":"product_tag-20-off","9":"first","10":"instock","11":"sale","12":"featured","13":"taxable","14":"shipping-taxable","15":"purchasable","16":"product-type-variable"},"_links":{"self":[{"href":"https:\/\/dgaribello.com\/en\/wp-json\/wp\/v2\/product\/1483","targetHints":{"allow":["GET"]}}],"collection":[{"href":"https:\/\/dgaribello.com\/en\/wp-json\/wp\/v2\/product"}],"about":[{"href":"https:\/\/dgaribello.com\/en\/wp-json\/wp\/v2\/types\/product"}],"replies":[{"embeddable":true,"href":"https:\/\/dgaribello.com\/en\/wp-json\/wp\/v2\/comments?post=1483"}],"wp:featuredmedia":[{"embeddable":true,"href":"https:\/\/dgaribello.com\/en\/wp-json\/wp\/v2\/media\/1777"}],"wp:attachment":[{"href":"https:\/\/dgaribello.com\/en\/wp-json\/wp\/v2\/media?parent=1483"}],"wp:term":[{"taxonomy":"product_brand","embeddable":true,"href":"https:\/\/dgaribello.com\/en\/wp-json\/wp\/v2\/product_brand?post=1483"},{"taxonomy":"product_cat","embeddable":true,"href":"https:\/\/dgaribello.com\/en\/wp-json\/wp\/v2\/product_cat?post=1483"},{"taxonomy":"product_tag","embeddable":true,"href":"https:\/\/dgaribello.com\/en\/wp-json\/wp\/v2\/product_tag?post=1483"}],"curies":[{"name":"wp","href":"https:\/\/api.w.org\/{rel}","templated":true}]}}