{"id":1475,"date":"2025-08-28T17:01:43","date_gmt":"2025-08-28T17:01:43","guid":{"rendered":"https:\/\/dgaribello.com\/?post_type=product&#038;p=1475"},"modified":"2025-10-07T23:55:30","modified_gmt":"2025-10-07T23:55:30","slug":"cosmetiquero-tela","status":"publish","type":"product","link":"https:\/\/dgaribello.com\/en\/product\/cosmetiquero-tela\/","title":{"rendered":"Cosmetiquero Tela"},"content":{"rendered":"<p>Cosmetiquero con dise\u00f1o vintage, realzado con detalles en cuero genuino. Un accesorio \u00fanico que combina arte, historia y practicidad para acompa\u00f1arte con estilo en cada momento.<\/p>","protected":false},"excerpt":{"rendered":"<p>Cosmetiquero con dise\u00f1o vintage, realzado con detalles en cuero genuino. Un accesorio \u00fanico que combina arte, historia y practicidad para acompa\u00f1arte con&hellip;<\/p>","protected":false},"featured_media":1478,"comment_status":"open","ping_status":"closed","template":"","meta":{"_joinchat":[]},"product_brand":[],"product_cat":[18,91],"product_tag":[],"class_list":{"0":"post-1475","1":"product","2":"type-product","3":"status-publish","4":"has-post-thumbnail","6":"product_cat-outlet","7":"product_cat-organizadorescosmetic","9":"first","10":"instock","11":"taxable","12":"shipping-taxable","13":"purchasable","14":"product-type-simple"},"_links":{"self":[{"href":"https:\/\/dgaribello.com\/en\/wp-json\/wp\/v2\/product\/1475","targetHints":{"allow":["GET"]}}],"collection":[{"href":"https:\/\/dgaribello.com\/en\/wp-json\/wp\/v2\/product"}],"about":[{"href":"https:\/\/dgaribello.com\/en\/wp-json\/wp\/v2\/types\/product"}],"replies":[{"embeddable":true,"href":"https:\/\/dgaribello.com\/en\/wp-json\/wp\/v2\/comments?post=1475"}],"wp:featuredmedia":[{"embeddable":true,"href":"https:\/\/dgaribello.com\/en\/wp-json\/wp\/v2\/media\/1478"}],"wp:attachment":[{"href":"https:\/\/dgaribello.com\/en\/wp-json\/wp\/v2\/media?parent=1475"}],"wp:term":[{"taxonomy":"product_brand","embeddable":true,"href":"https:\/\/dgaribello.com\/en\/wp-json\/wp\/v2\/product_brand?post=1475"},{"taxonomy":"product_cat","embeddable":true,"href":"https:\/\/dgaribello.com\/en\/wp-json\/wp\/v2\/product_cat?post=1475"},{"taxonomy":"product_tag","embeddable":true,"href":"https:\/\/dgaribello.com\/en\/wp-json\/wp\/v2\/product_tag?post=1475"}],"curies":[{"name":"wp","href":"https:\/\/api.w.org\/{rel}","templated":true}]}}