{"id":1465,"date":"2025-08-28T02:37:53","date_gmt":"2025-08-28T02:37:53","guid":{"rendered":"https:\/\/dgaribello.com\/?post_type=product&#038;p=1465"},"modified":"2026-03-09T19:34:38","modified_gmt":"2026-03-09T19:34:38","slug":"bolso-marzelle","status":"publish","type":"product","link":"https:\/\/dgaribello.com\/en\/product\/bolso-marzelle\/","title":{"rendered":"Bolso Marzelle"},"content":{"rendered":"<p>Bolso en cuero tejido a mano, elegante y atemporal. Su dise\u00f1o artesanal aporta textura y car\u00e1cter, ideal para quienes buscan distinci\u00f3n en lo cotidiano.<\/p>\n<h5>Caracter\u00edsticas<\/h5>\n<ul>\n<li>Color: Caf\u00e9 oscuro, beige y gris taupe herrajes dorados.<\/li>\n<li>Color: Negro herrajes plateados.<\/li>\n<\/ul>\n<h5>Correas<\/h5>\n<ul>\n<li>Larga manos libres<\/li>\n<li>Corta asa<\/li>\n<\/ul>","protected":false},"excerpt":{"rendered":"<p>Bolso en cuero tejido a mano, elegante y atemporal. Su dise\u00f1o artesanal aporta textura y car\u00e1cter, ideal para quienes buscan distinci\u00f3n en&hellip;<\/p>","protected":false},"featured_media":1467,"comment_status":"closed","ping_status":"closed","template":"","meta":{"_joinchat":[]},"product_brand":[],"product_cat":[20,31],"product_tag":[166],"class_list":{"0":"post-1465","1":"product","2":"type-product","3":"status-publish","4":"has-post-thumbnail","6":"product_cat-bolsosmorrales","7":"product_cat-bolsos-en-cuero","8":"product_tag-10off","10":"first","11":"instock","12":"featured","13":"taxable","14":"shipping-taxable","15":"purchasable","16":"product-type-variable"},"_links":{"self":[{"href":"https:\/\/dgaribello.com\/en\/wp-json\/wp\/v2\/product\/1465","targetHints":{"allow":["GET"]}}],"collection":[{"href":"https:\/\/dgaribello.com\/en\/wp-json\/wp\/v2\/product"}],"about":[{"href":"https:\/\/dgaribello.com\/en\/wp-json\/wp\/v2\/types\/product"}],"replies":[{"embeddable":true,"href":"https:\/\/dgaribello.com\/en\/wp-json\/wp\/v2\/comments?post=1465"}],"wp:featuredmedia":[{"embeddable":true,"href":"https:\/\/dgaribello.com\/en\/wp-json\/wp\/v2\/media\/1467"}],"wp:attachment":[{"href":"https:\/\/dgaribello.com\/en\/wp-json\/wp\/v2\/media?parent=1465"}],"wp:term":[{"taxonomy":"product_brand","embeddable":true,"href":"https:\/\/dgaribello.com\/en\/wp-json\/wp\/v2\/product_brand?post=1465"},{"taxonomy":"product_cat","embeddable":true,"href":"https:\/\/dgaribello.com\/en\/wp-json\/wp\/v2\/product_cat?post=1465"},{"taxonomy":"product_tag","embeddable":true,"href":"https:\/\/dgaribello.com\/en\/wp-json\/wp\/v2\/product_tag?post=1465"}],"curies":[{"name":"wp","href":"https:\/\/api.w.org\/{rel}","templated":true}]}}