{"id":1458,"date":"2025-08-28T01:49:03","date_gmt":"2025-08-28T01:49:03","guid":{"rendered":"https:\/\/dgaribello.com\/?post_type=product&#038;p=1458"},"modified":"2025-12-02T03:43:52","modified_gmt":"2025-12-02T03:43:52","slug":"bolso-pavone","status":"publish","type":"product","link":"https:\/\/dgaribello.com\/en\/product\/bolso-pavone\/","title":{"rendered":"Bolso Pavone"},"content":{"rendered":"<p>Bolso manos libres en cuero, con acentos de tejido artesanal que unen tradici\u00f3n y estilo. Pr\u00e1ctico, vers\u00e1til y lleno de autenticidad para acompa\u00f1arte cada d\u00eda.<\/p>","protected":false},"excerpt":{"rendered":"<p>Bolso manos libres en cuero, con acentos de tejido artesanal que unen tradici\u00f3n y estilo. Pr\u00e1ctico, vers\u00e1til y lleno de autenticidad para&hellip;<\/p>","protected":false},"featured_media":1462,"comment_status":"closed","ping_status":"closed","template":"","meta":{"_joinchat":[]},"product_brand":[],"product_cat":[20,31],"product_tag":[166],"class_list":{"0":"post-1458","1":"product","2":"type-product","3":"status-publish","4":"has-post-thumbnail","6":"product_cat-bolsosmorrales","7":"product_cat-bolsos-en-cuero","8":"product_tag-10off","10":"first","11":"instock","12":"taxable","13":"shipping-taxable","14":"purchasable","15":"product-type-simple"},"_links":{"self":[{"href":"https:\/\/dgaribello.com\/en\/wp-json\/wp\/v2\/product\/1458","targetHints":{"allow":["GET"]}}],"collection":[{"href":"https:\/\/dgaribello.com\/en\/wp-json\/wp\/v2\/product"}],"about":[{"href":"https:\/\/dgaribello.com\/en\/wp-json\/wp\/v2\/types\/product"}],"replies":[{"embeddable":true,"href":"https:\/\/dgaribello.com\/en\/wp-json\/wp\/v2\/comments?post=1458"}],"wp:featuredmedia":[{"embeddable":true,"href":"https:\/\/dgaribello.com\/en\/wp-json\/wp\/v2\/media\/1462"}],"wp:attachment":[{"href":"https:\/\/dgaribello.com\/en\/wp-json\/wp\/v2\/media?parent=1458"}],"wp:term":[{"taxonomy":"product_brand","embeddable":true,"href":"https:\/\/dgaribello.com\/en\/wp-json\/wp\/v2\/product_brand?post=1458"},{"taxonomy":"product_cat","embeddable":true,"href":"https:\/\/dgaribello.com\/en\/wp-json\/wp\/v2\/product_cat?post=1458"},{"taxonomy":"product_tag","embeddable":true,"href":"https:\/\/dgaribello.com\/en\/wp-json\/wp\/v2\/product_tag?post=1458"}],"curies":[{"name":"wp","href":"https:\/\/api.w.org\/{rel}","templated":true}]}}