{"id":1388,"date":"2025-08-21T21:02:40","date_gmt":"2025-08-21T21:02:40","guid":{"rendered":"https:\/\/dgaribello.com\/?post_type=product&#038;p=1388"},"modified":"2025-12-02T03:43:52","modified_gmt":"2025-12-02T03:43:52","slug":"bolso-zarha","status":"publish","type":"product","link":"https:\/\/dgaribello.com\/en\/product\/bolso-zarha\/","title":{"rendered":"Bolso Zahra"},"content":{"rendered":"<div style=\"text-align: left;\">Bolso en pelo natural con detalles en cuero, una pieza \u00fanica que combina textura, estilo y sofisticaci\u00f3n en cada uso.<\/div>\n<h5>Caracter\u00edsticas<\/h5>\n<ul>\n<li>\u00a0Correa fija<\/li>\n<li>Herrajes met\u00e1licos<\/li>\n<li>Estuche interior para mayor organizaci\u00f3n<\/li>\n<\/ul>\n<h5>Peso<\/h5>\n<div>1,5 gr<\/div>\n<h5>Dimensiones<\/h5>\n<ul>\n<li>Alto: 34 cm<\/li>\n<li>Ancho: 26 cm<\/li>\n<\/ul>\n<h5>COMPOSICI\u00d3N<\/h5>\n<div>\n<p class=\"cuerosvelezco-global-components-0-x-specificationsParagraph\">Externo: 100% cuero genuino<\/p>\n<\/div>","protected":false},"excerpt":{"rendered":"<p>Bolso en pelo natural con detalles en cuero, una pieza \u00fanica que combina textura, estilo y sofisticaci\u00f3n en cada uso. Caracter\u00edsticas \u00a0Correa&hellip;<\/p>","protected":false},"featured_media":1399,"comment_status":"closed","ping_status":"closed","template":"","meta":{"_joinchat":[]},"product_brand":[],"product_cat":[20,86],"product_tag":[166],"class_list":{"0":"post-1388","1":"product","2":"type-product","3":"status-publish","4":"has-post-thumbnail","6":"product_cat-bolsosmorrales","7":"product_cat-bolsopiel","8":"product_tag-10off","10":"first","11":"instock","12":"taxable","13":"shipping-taxable","14":"purchasable","15":"product-type-variable"},"_links":{"self":[{"href":"https:\/\/dgaribello.com\/en\/wp-json\/wp\/v2\/product\/1388","targetHints":{"allow":["GET"]}}],"collection":[{"href":"https:\/\/dgaribello.com\/en\/wp-json\/wp\/v2\/product"}],"about":[{"href":"https:\/\/dgaribello.com\/en\/wp-json\/wp\/v2\/types\/product"}],"replies":[{"embeddable":true,"href":"https:\/\/dgaribello.com\/en\/wp-json\/wp\/v2\/comments?post=1388"}],"wp:featuredmedia":[{"embeddable":true,"href":"https:\/\/dgaribello.com\/en\/wp-json\/wp\/v2\/media\/1399"}],"wp:attachment":[{"href":"https:\/\/dgaribello.com\/en\/wp-json\/wp\/v2\/media?parent=1388"}],"wp:term":[{"taxonomy":"product_brand","embeddable":true,"href":"https:\/\/dgaribello.com\/en\/wp-json\/wp\/v2\/product_brand?post=1388"},{"taxonomy":"product_cat","embeddable":true,"href":"https:\/\/dgaribello.com\/en\/wp-json\/wp\/v2\/product_cat?post=1388"},{"taxonomy":"product_tag","embeddable":true,"href":"https:\/\/dgaribello.com\/en\/wp-json\/wp\/v2\/product_tag?post=1388"}],"curies":[{"name":"wp","href":"https:\/\/api.w.org\/{rel}","templated":true}]}}