{"id":1300,"date":"2025-08-12T23:31:43","date_gmt":"2025-08-12T23:31:43","guid":{"rendered":"https:\/\/dgaribello.com\/?post_type=product&#038;p=1300"},"modified":"2025-09-17T00:32:39","modified_gmt":"2025-09-17T00:32:39","slug":"agenda-cuero","status":"publish","type":"product","link":"https:\/\/dgaribello.com\/en\/product\/agenda-cuero\/","title":{"rendered":"Agenda cuero"},"content":{"rendered":"<p>Agenda elaborada en cuero genuino, con un dise\u00f1o atemporal y cierre de broche que resguarda cada p\u00e1gina. Un accesorio pensado para acompa\u00f1ar tus planes, ideas y grandes proyectos con distinci\u00f3n.<\/p>\n<p>Alto 21 cm<\/p>\n<p>Ancho 15 cm<\/p>","protected":false},"excerpt":{"rendered":"<p>Agenda elaborada en cuero genuino, con un dise\u00f1o atemporal y cierre de broche que resguarda cada p\u00e1gina. Un accesorio pensado para acompa\u00f1ar&hellip;<\/p>","protected":false},"featured_media":1314,"comment_status":"closed","ping_status":"closed","template":"","meta":{"_joinchat":[]},"product_brand":[],"product_cat":[18,93],"product_tag":[],"class_list":{"0":"post-1300","1":"product","2":"type-product","3":"status-publish","4":"has-post-thumbnail","6":"product_cat-outlet","7":"product_cat-agendascarpetas","9":"first","10":"instock","11":"taxable","12":"shipping-taxable","13":"purchasable","14":"product-type-variable"},"_links":{"self":[{"href":"https:\/\/dgaribello.com\/en\/wp-json\/wp\/v2\/product\/1300","targetHints":{"allow":["GET"]}}],"collection":[{"href":"https:\/\/dgaribello.com\/en\/wp-json\/wp\/v2\/product"}],"about":[{"href":"https:\/\/dgaribello.com\/en\/wp-json\/wp\/v2\/types\/product"}],"replies":[{"embeddable":true,"href":"https:\/\/dgaribello.com\/en\/wp-json\/wp\/v2\/comments?post=1300"}],"wp:featuredmedia":[{"embeddable":true,"href":"https:\/\/dgaribello.com\/en\/wp-json\/wp\/v2\/media\/1314"}],"wp:attachment":[{"href":"https:\/\/dgaribello.com\/en\/wp-json\/wp\/v2\/media?parent=1300"}],"wp:term":[{"taxonomy":"product_brand","embeddable":true,"href":"https:\/\/dgaribello.com\/en\/wp-json\/wp\/v2\/product_brand?post=1300"},{"taxonomy":"product_cat","embeddable":true,"href":"https:\/\/dgaribello.com\/en\/wp-json\/wp\/v2\/product_cat?post=1300"},{"taxonomy":"product_tag","embeddable":true,"href":"https:\/\/dgaribello.com\/en\/wp-json\/wp\/v2\/product_tag?post=1300"}],"curies":[{"name":"wp","href":"https:\/\/api.w.org\/{rel}","templated":true}]}}