{"id":1181,"date":"2025-07-31T18:11:20","date_gmt":"2025-07-31T18:11:20","guid":{"rendered":"https:\/\/dgaribello.com\/?post_type=product&#038;p=1181"},"modified":"2025-12-02T03:43:53","modified_gmt":"2025-12-02T03:43:53","slug":"bolso-edge-leather","status":"publish","type":"product","link":"https:\/\/dgaribello.com\/en\/product\/bolso-edge-leather\/","title":{"rendered":"Bolso Edge Leather"},"content":{"rendered":"<div>Bolso resistente, ligero y vers\u00e1til. Dise\u00f1o \u00fanico que combina estilo y practicidad para el d\u00eda a d\u00eda.<\/div>","protected":false},"excerpt":{"rendered":"<p>Bolso resistente, ligero y vers\u00e1til. Dise\u00f1o \u00fanico que combina estilo y practicidad para el d\u00eda a d\u00eda.<\/p>","protected":false},"featured_media":1457,"comment_status":"open","ping_status":"closed","template":"","meta":{"_joinchat":[]},"product_brand":[],"product_cat":[20,31],"product_tag":[166],"class_list":{"0":"post-1181","1":"product","2":"type-product","3":"status-publish","4":"has-post-thumbnail","6":"product_cat-bolsosmorrales","7":"product_cat-bolsos-en-cuero","8":"product_tag-10off","10":"first","11":"instock","12":"sale","13":"taxable","14":"shipping-taxable","15":"purchasable","16":"product-type-variable"},"_links":{"self":[{"href":"https:\/\/dgaribello.com\/en\/wp-json\/wp\/v2\/product\/1181","targetHints":{"allow":["GET"]}}],"collection":[{"href":"https:\/\/dgaribello.com\/en\/wp-json\/wp\/v2\/product"}],"about":[{"href":"https:\/\/dgaribello.com\/en\/wp-json\/wp\/v2\/types\/product"}],"replies":[{"embeddable":true,"href":"https:\/\/dgaribello.com\/en\/wp-json\/wp\/v2\/comments?post=1181"}],"wp:featuredmedia":[{"embeddable":true,"href":"https:\/\/dgaribello.com\/en\/wp-json\/wp\/v2\/media\/1457"}],"wp:attachment":[{"href":"https:\/\/dgaribello.com\/en\/wp-json\/wp\/v2\/media?parent=1181"}],"wp:term":[{"taxonomy":"product_brand","embeddable":true,"href":"https:\/\/dgaribello.com\/en\/wp-json\/wp\/v2\/product_brand?post=1181"},{"taxonomy":"product_cat","embeddable":true,"href":"https:\/\/dgaribello.com\/en\/wp-json\/wp\/v2\/product_cat?post=1181"},{"taxonomy":"product_tag","embeddable":true,"href":"https:\/\/dgaribello.com\/en\/wp-json\/wp\/v2\/product_tag?post=1181"}],"curies":[{"name":"wp","href":"https:\/\/api.w.org\/{rel}","templated":true}]}}