{"id":1111,"date":"2025-07-28T18:00:35","date_gmt":"2025-07-28T18:00:35","guid":{"rendered":"https:\/\/dgaribello.com\/?post_type=product&#038;p=1111"},"modified":"2025-12-02T03:43:53","modified_gmt":"2025-12-02T03:43:53","slug":"cinturon-terra-pelo","status":"publish","type":"product","link":"https:\/\/dgaribello.com\/en\/product\/cinturon-terra-pelo\/","title":{"rendered":"Cintur\u00f3n Terra Cuero"},"content":{"rendered":"<p>Corte envolvente, textura noble. Este cintur\u00f3n en cuero liso y tonos tierra es una pieza vers\u00e1til y elegante, perfecta para acentuar la cintura con discreta firmeza.<\/p>\n<h5>CARACTERISTICAS<\/h5>\n<ul>\n<li>Herraje plateado<\/li>\n<li>Herraje dorado<\/li>\n<\/ul>\n<h5>DIMENSIONES<\/h5>\n<ul>\n<li>12 cm la parte ancha<\/li>\n<li>6,5 cm la parte delgada<\/li>\n<\/ul>\n<h5>COMPOSICI\u00d3N<\/h5>\n<p>100% cuero<\/p>","protected":false},"excerpt":{"rendered":"<p>Corte envolvente, textura noble. Este cintur\u00f3n en cuero liso y tonos tierra es una pieza vers\u00e1til y elegante, perfecta para acentuar la&hellip;<\/p>","protected":false},"featured_media":1124,"comment_status":"open","ping_status":"closed","template":"","meta":{"_joinchat":[]},"product_brand":[],"product_cat":[62,153],"product_tag":[166],"class_list":{"0":"post-1111","1":"product","2":"type-product","3":"status-publish","4":"has-post-thumbnail","6":"product_cat-cinturones","7":"product_cat-cuero","8":"product_tag-10off","10":"first","11":"instock","12":"taxable","13":"shipping-taxable","14":"purchasable","15":"product-type-variable"},"_links":{"self":[{"href":"https:\/\/dgaribello.com\/en\/wp-json\/wp\/v2\/product\/1111","targetHints":{"allow":["GET"]}}],"collection":[{"href":"https:\/\/dgaribello.com\/en\/wp-json\/wp\/v2\/product"}],"about":[{"href":"https:\/\/dgaribello.com\/en\/wp-json\/wp\/v2\/types\/product"}],"replies":[{"embeddable":true,"href":"https:\/\/dgaribello.com\/en\/wp-json\/wp\/v2\/comments?post=1111"}],"wp:featuredmedia":[{"embeddable":true,"href":"https:\/\/dgaribello.com\/en\/wp-json\/wp\/v2\/media\/1124"}],"wp:attachment":[{"href":"https:\/\/dgaribello.com\/en\/wp-json\/wp\/v2\/media?parent=1111"}],"wp:term":[{"taxonomy":"product_brand","embeddable":true,"href":"https:\/\/dgaribello.com\/en\/wp-json\/wp\/v2\/product_brand?post=1111"},{"taxonomy":"product_cat","embeddable":true,"href":"https:\/\/dgaribello.com\/en\/wp-json\/wp\/v2\/product_cat?post=1111"},{"taxonomy":"product_tag","embeddable":true,"href":"https:\/\/dgaribello.com\/en\/wp-json\/wp\/v2\/product_tag?post=1111"}],"curies":[{"name":"wp","href":"https:\/\/api.w.org\/{rel}","templated":true}]}}