{"id":655,"date":"2025-06-11T18:42:16","date_gmt":"2025-06-11T18:42:16","guid":{"rendered":"https:\/\/dgaribello.com\/?post_type=product&#038;p=655"},"modified":"2025-09-16T23:19:08","modified_gmt":"2025-09-16T23:19:08","slug":"tarjetero-rfid","status":"publish","type":"product","link":"http:\/\/dgaribello.com\/en\/product\/tarjetero-rfid\/","title":{"rendered":"Tarjetero RFID"},"content":{"rendered":"<p>Lleva tus tarjetas en el tarjetero ideal, practico y muy \u00fatil. Con tecnolog\u00eda RFID que protege tus tarjetas bancarias, de cr\u00e9dito, documentos de identidad y otros documentos contra el robo de datos.<\/p>\n<p>Alto 7 cm<\/p>\n<p>Ancho 10 cm<\/p>","protected":false},"excerpt":{"rendered":"<p>Lleva tus tarjetas en el tarjetero ideal, practico y muy \u00fatil. Con tecnolog\u00eda RFID que protege tus tarjetas bancarias, de cr\u00e9dito, documentos&hellip;<\/p>","protected":false},"featured_media":1382,"comment_status":"open","ping_status":"closed","template":"","meta":{"_joinchat":[]},"product_brand":[],"product_cat":[90],"product_tag":[],"class_list":{"0":"post-655","1":"product","2":"type-product","3":"status-publish","4":"has-post-thumbnail","6":"product_cat-monedero","8":"first","9":"instock","10":"taxable","11":"shipping-taxable","12":"purchasable","13":"product-type-variable"},"_links":{"self":[{"href":"http:\/\/dgaribello.com\/en\/wp-json\/wp\/v2\/product\/655","targetHints":{"allow":["GET"]}}],"collection":[{"href":"http:\/\/dgaribello.com\/en\/wp-json\/wp\/v2\/product"}],"about":[{"href":"http:\/\/dgaribello.com\/en\/wp-json\/wp\/v2\/types\/product"}],"replies":[{"embeddable":true,"href":"http:\/\/dgaribello.com\/en\/wp-json\/wp\/v2\/comments?post=655"}],"wp:featuredmedia":[{"embeddable":true,"href":"http:\/\/dgaribello.com\/en\/wp-json\/wp\/v2\/media\/1382"}],"wp:attachment":[{"href":"http:\/\/dgaribello.com\/en\/wp-json\/wp\/v2\/media?parent=655"}],"wp:term":[{"taxonomy":"product_brand","embeddable":true,"href":"http:\/\/dgaribello.com\/en\/wp-json\/wp\/v2\/product_brand?post=655"},{"taxonomy":"product_cat","embeddable":true,"href":"http:\/\/dgaribello.com\/en\/wp-json\/wp\/v2\/product_cat?post=655"},{"taxonomy":"product_tag","embeddable":true,"href":"http:\/\/dgaribello.com\/en\/wp-json\/wp\/v2\/product_tag?post=655"}],"curies":[{"name":"wp","href":"https:\/\/api.w.org\/{rel}","templated":true}]}}