{"id":1616,"date":"2025-09-08T23:46:43","date_gmt":"2025-09-08T23:46:43","guid":{"rendered":"https:\/\/dgaribello.com\/?post_type=product&#038;p=1616"},"modified":"2025-10-07T01:00:18","modified_gmt":"2025-10-07T01:00:18","slug":"monedero-gato","status":"publish","type":"product","link":"http:\/\/dgaribello.com\/en\/product\/monedero-gato\/","title":{"rendered":"Monedero Gato"},"content":{"rendered":"<p>\u201cMonedero artesanal en cuero caf\u00e9, dise\u00f1ado con un encantador estilo de gatito que combina tonos oscuros y medios para resaltar sus detalles. Sus orejas aplicadas con costuras visibles y los peque\u00f1os remaches met\u00e1licos en la parte frontal le dan un aire divertido y \u00fanico. Compacto y pr\u00e1ctico, es perfecto para llevar monedas, billetes u objetos peque\u00f1os, mientras a\u00f1ade un toque de originalidad y ternura a tu estilo.<\/p>","protected":false},"excerpt":{"rendered":"<p>\u201cMonedero artesanal en cuero caf\u00e9, dise\u00f1ado con un encantador estilo de gatito que combina tonos oscuros y medios para resaltar sus detalles.&hellip;<\/p>","protected":false},"featured_media":1623,"comment_status":"open","ping_status":"closed","template":"","meta":{"_joinchat":[]},"product_brand":[],"product_cat":[90],"product_tag":[],"class_list":{"0":"post-1616","1":"product","2":"type-product","3":"status-publish","4":"has-post-thumbnail","6":"product_cat-monedero","8":"first","9":"instock","10":"taxable","11":"shipping-taxable","12":"purchasable","13":"product-type-variable"},"_links":{"self":[{"href":"http:\/\/dgaribello.com\/en\/wp-json\/wp\/v2\/product\/1616","targetHints":{"allow":["GET"]}}],"collection":[{"href":"http:\/\/dgaribello.com\/en\/wp-json\/wp\/v2\/product"}],"about":[{"href":"http:\/\/dgaribello.com\/en\/wp-json\/wp\/v2\/types\/product"}],"replies":[{"embeddable":true,"href":"http:\/\/dgaribello.com\/en\/wp-json\/wp\/v2\/comments?post=1616"}],"wp:featuredmedia":[{"embeddable":true,"href":"http:\/\/dgaribello.com\/en\/wp-json\/wp\/v2\/media\/1623"}],"wp:attachment":[{"href":"http:\/\/dgaribello.com\/en\/wp-json\/wp\/v2\/media?parent=1616"}],"wp:term":[{"taxonomy":"product_brand","embeddable":true,"href":"http:\/\/dgaribello.com\/en\/wp-json\/wp\/v2\/product_brand?post=1616"},{"taxonomy":"product_cat","embeddable":true,"href":"http:\/\/dgaribello.com\/en\/wp-json\/wp\/v2\/product_cat?post=1616"},{"taxonomy":"product_tag","embeddable":true,"href":"http:\/\/dgaribello.com\/en\/wp-json\/wp\/v2\/product_tag?post=1616"}],"curies":[{"name":"wp","href":"https:\/\/api.w.org\/{rel}","templated":true}]}}