{"id":1604,"date":"2025-09-08T23:35:35","date_gmt":"2025-09-08T23:35:35","guid":{"rendered":"https:\/\/dgaribello.com\/?post_type=product&#038;p=1604"},"modified":"2025-11-11T20:39:18","modified_gmt":"2025-11-11T20:39:18","slug":"monedero-corazon","status":"publish","type":"product","link":"http:\/\/dgaribello.com\/en\/product\/monedero-corazon\/","title":{"rendered":"Monedero Coraz\u00f3n"},"content":{"rendered":"<p>Monedero elaborado en cuero de textura natural, con un delicado coraz\u00f3n aplicado en el frente y costuras en contraste que resaltan su dise\u00f1o artesanal. Su cierre met\u00e1lico dorado asegura practicidad y estilo, mientras que su tama\u00f1o compacto lo convierte en el accesorio ideal para llevar monedas, billetes o peque\u00f1os esenciales con un toque de personalidad y elegancia.<\/p>","protected":false},"excerpt":{"rendered":"<p>Monedero elaborado en cuero de textura natural, con un delicado coraz\u00f3n aplicado en el frente y costuras en contraste que resaltan su&hellip;<\/p>","protected":false},"featured_media":1611,"comment_status":"open","ping_status":"closed","template":"","meta":{"_joinchat":[]},"product_brand":[],"product_cat":[90],"product_tag":[],"class_list":{"0":"post-1604","1":"product","2":"type-product","3":"status-publish","4":"has-post-thumbnail","6":"product_cat-monedero","8":"first","9":"instock","10":"taxable","11":"shipping-taxable","12":"purchasable","13":"product-type-variable"},"_links":{"self":[{"href":"http:\/\/dgaribello.com\/en\/wp-json\/wp\/v2\/product\/1604","targetHints":{"allow":["GET"]}}],"collection":[{"href":"http:\/\/dgaribello.com\/en\/wp-json\/wp\/v2\/product"}],"about":[{"href":"http:\/\/dgaribello.com\/en\/wp-json\/wp\/v2\/types\/product"}],"replies":[{"embeddable":true,"href":"http:\/\/dgaribello.com\/en\/wp-json\/wp\/v2\/comments?post=1604"}],"wp:featuredmedia":[{"embeddable":true,"href":"http:\/\/dgaribello.com\/en\/wp-json\/wp\/v2\/media\/1611"}],"wp:attachment":[{"href":"http:\/\/dgaribello.com\/en\/wp-json\/wp\/v2\/media?parent=1604"}],"wp:term":[{"taxonomy":"product_brand","embeddable":true,"href":"http:\/\/dgaribello.com\/en\/wp-json\/wp\/v2\/product_brand?post=1604"},{"taxonomy":"product_cat","embeddable":true,"href":"http:\/\/dgaribello.com\/en\/wp-json\/wp\/v2\/product_cat?post=1604"},{"taxonomy":"product_tag","embeddable":true,"href":"http:\/\/dgaribello.com\/en\/wp-json\/wp\/v2\/product_tag?post=1604"}],"curies":[{"name":"wp","href":"https:\/\/api.w.org\/{rel}","templated":true}]}}